{"id":20,"date":"2024-07-22T11:11:57","date_gmt":"2024-07-22T11:11:57","guid":{"rendered":"https:\/\/labs.100x100.net\/projects\/turismon-b2b\/?page_id=20"},"modified":"2024-08-02T15:31:21","modified_gmt":"2024-08-02T15:31:21","slug":"aviso-legal","status":"publish","type":"page","link":"https:\/\/turismon.net\/es\/aviso-legal\/","title":{"rendered":"Aviso legal"},"content":{"rendered":"<p>Este sitio web y todos sus contenidos, incluyendo textos, im\u00e1genes, audio y cualquier otro material son propiedad de Turismon Travel S.L. o dispone derechos de su uso. Todos los derechos est\u00e1n reservados. Im\u00e1genes cedidas por Turismon Travel S.L, Patronato de Turismo Costa Brava Gerona, Diputaci\u00f3n de Barcelona, \u00c1rea de promoci\u00f3n econ\u00f3mica de la Bisbal d\u2019Empord\u00e0, Terracotta Museu.<\/p>\n<p>Todo acceso a este sitio queda sujeto a las siguientes condiciones:<\/p>\n<ul>\n<li>Solamente est\u00e1 autorizado el uso personal y no comercial. No se autoriza la copia, reproducci\u00f3n, transmisi\u00f3n, distribuci\u00f3n o modificaci\u00f3n del sitio o de sus contenidos.<\/li>\n<li>Turismon Travel S.L. no garantiza la exactitud, veracidad o integridad de los contenidos de este sitio web. Tampoco garantiza que el servidor y el site est\u00e9n libres de virus y no se hace responsable ni de los da\u00f1os causados por el acceso al sitio web ni por la imposibilidad de acceder a \u00e9l.<\/li>\n<\/ul>\n<h3>Pol\u00edtica de privacidad<\/h3>\n<p>Cualquier dato que los visitantes de este sitie env\u00eden Turismon Travel, S.L ser\u00e1n archivados en su base de datos de acuerdo a la legislaci\u00f3n espa\u00f1ola 15\/1999 del 13 de diciembre. Dichos datos ser\u00e1n utilizados por Turismon Travel, S.L con la finalidad de responder a las solicitudes enviadas y mantenerle en adelante informado sobre las novedades de la Agencia. Los visitantes pueden acceder, modificar o cancelar sus datos en cualquier momento mediante el env\u00edo de un correo electr\u00f3nico a <a href=\"mailto:info@turismon.net\">info@turismon.net<\/a> o escribiendo a la siguiente direcci\u00f3n:<\/p>\n<p>C\/Nou 12<br \/>\n17100 La Bisbal d\u2019Empord\u00e0 \u2013 Girona (Spain)<\/p>\n<p>&nbsp;<\/p>\n<h3>Pol\u00edtica de Cookies<\/h3>\n<p>Para el buen funcionamiento del web, el sistema de navegaci\u00f3n y la programaci\u00f3n utilizada se recogen algunos datos de navegaci\u00f3n (a partir de ahora nombradas \u201ccookies\u201d) que son necesarias en el uso de los protocolos de comunicaci\u00f3n en internet.<\/p>\n<p>Las cookies son archivos o piezas de informaci\u00f3n que pueden ser almacenadas en el ordenador (u otros dispositivos habilitados para Internet, como un smartphone o tableta) cuando visita Turismon Travel, S.L<\/p>\n<p><strong>Uso de las cookies<\/strong><\/p>\n<p><strong>Analytics<\/strong><br \/>\nGoogle Analytics es la herramienta de an\u00e1lisis que ayuda a los propietarios de sitios web y de aplicaciones a entender c\u00f3mo interact\u00faan los visitantes con sus propiedades. Esta herramienta puede utilizar un conjunto de cookies para recopilar informaci\u00f3n y ofrecer estad\u00edsticas de uso de los sitios web sin identificar personalmente a los visitantes de Google. La principal cookie que utiliza Google Analytics es \u00ab__ga\u00bb.<\/p>\n<p>Adem\u00e1s de para ofrecer estad\u00edsticas de uso de los sitios web, Google Analytics tambi\u00e9n se puede utilizar junto con algunas de las cookies publicitarias descritas anteriormente para mostrar anuncios m\u00e1s relevantes en las propiedades de Google (p. ej., en el buscador de Google) y en toda la Web.<\/p>\n<p>Si no desea recibir cookies, por favor configure su navegador de Internet para borrarlos desde el disco duro de su ordenador, bloquearlos o advertirle si est\u00e1 instalado. Para continuar sin cambiar la configuraci\u00f3n de las cookies, simplemente contin\u00fae en el sitio web.<\/p>\n<p>Si tiene cualquier duda sobre nuestra pol\u00edtica de privacidad, por favor no dude en contactar con nosotros a: <a href=\"mailto:info@turismon.net\">turismon.net<\/a><\/p>\n<h3>Pol\u00edtica de devoluciones y cancelaciones<\/h3>\n<p>Las visitas se pueden anular por parte de TURISMON por causas:<\/p>\n<ul>\n<li>Meteorol\u00f3gicas: desastres naturales, inundaciones,\u2026<\/li>\n<li>Causas ajenas al control por parte de Turismon<\/li>\n<\/ul>\n<p>En estos casos TURISMON devolver\u00e1 el importe correspondiente a las visitas reservadas. La cancelaci\u00f3n se informar\u00e1 debidamente al correo electr\u00f3nico que se ha facilitado en el proceso de reserva.<\/p>\n<p>En el supuesto de que el cliente cancelase la visita, no se devolver\u00e1 el importe y podr\u00e1 realizar la visita otro d\u00eda o reservar otra actividad siempre que haya disponibilidad. El cambio se podr\u00e1 realizar dentro del mismo a\u00f1o natural en que se ha realizado la primera reserva.<\/p>\n<p>ara disfrutar del cambio cualquier tipo de cancelaci\u00f3n por parte del cliente se tiene que efectuar con m\u00e1s de 24h antelaci\u00f3n.<\/p>\n<p>Si se avisa entre 24h y la hora de la visita no se devolver\u00e1 el importe a excepci\u00f3n de causas de fuerza mayor por parte del cliente debidamente justificadas.<\/p>\n<h3>Protecci\u00f3n de datos<\/h3>\n<p>TURISMON TRAVEL S.L., manifiesta que cumple todas las medidas de seguridad y requisitos legales mencionados en la LOPD 15\/99 de 13 de diciembre y en el R.D.1720\/2007 de 21 de diciembre, que garantizan la seguridad de los datos personales incorporados en nuestros ficheros, que se conservar\u00e1n con car\u00e0cter confidencial, excepto las remisiones de obligado cumplimiento que estipule la ley.<\/p>\n<p>Su visita nos ayuda a llevar a cabo y mejorar cont\u00ednuamente nuestras actividades as\u00ed como, preservar el patrimonio local. Para ello y en pro de una buena prestaci\u00f3n y mantenimiento de la relaci\u00f3n comercial, deacuerdo con lo dispuesto en la LO 15\/1999, del 13 de diciembre de Protecci\u00f3n de Datos de Car\u00e1cter Personal, sus datos personales ser\u00e1n incluidos en un fichero incrito en el Registro General de Datos de l\u2019AEPD, del que es responsable TURISMON TRAVEL S.L. con direcci\u00f3n C\/ Nou 12, 17100 \u2013 La Bisbal d\u2019Empord\u00e0 (Girona).<\/p>\n<p>La compra de cualquier producto de Turismon autoriza la cesi\u00f3n de datos e im\u00e1genes a la entidad Organizadora de la experiencia, identificada en la presente con domicilio y actividad, con finalidades de prospecci\u00f3n comercial. De tal forma, las citadas entidades podr\u00e1n dirigir ofertas de productos y servicios que comercialicen y puedan ser de su inter\u00e9s. Recibiendo la informaci\u00f3n por cualquier medio incluyendo correo electr\u00f3nico, SMS u otro medio de comunicaci\u00f3n electr\u00f3nica equivalente.<\/p>\n<p>Le informamos de su derecho de acceso, rectificaci\u00f3n, cancelaci\u00f3n y oposici\u00f3n, que puede ejercer gratu\u00eftamente dirigi\u00e9ndose al responsable del fichero en nuestra direcci\u00f3n web www.turismon.net. Deacuerdo con la LO15\/1999, del 13 de diciembre de Protecci\u00f3n de Datos, si no quiere recibir comunicaciones comerciales relativas al servicio contratado marque este espacio.<\/p>\n<h3>Propiedad intelectual<\/h3>\n<p>Todas las im\u00e1genes y contenido de nuestra web y acciones promocionales pertenecen en exclusiva a Turismon Travel S.L, quedando prohibida su reproducci\u00f3n, copia, venta, difusi\u00f3n o cualuier otra acci\u00f3n ajena para beneficio propio de terceros y sin autorizaci\u00f3n expresa de la misma empresa propietaria del contenido e im\u00e1genes.<\/p>\n","protected":false},"excerpt":{"rendered":"<p>Este sitio web y todos sus contenidos, incluyendo textos, im\u00e1genes, audio y cualquier otro material son propiedad de Turismon Travel S.L. o dispone derechos de su uso. Todos los derechos est\u00e1n reservados. Im\u00e1genes cedidas por Turismon Travel S.L, Patronato de Turismo Costa Brava Gerona, Diputaci\u00f3n de Barcelona, \u00c1rea de promoci\u00f3n econ\u00f3mica de la Bisbal d\u2019Empord\u00e0, [&hellip;]<\/p>\n","protected":false},"author":1,"featured_media":0,"parent":0,"menu_order":0,"comment_status":"closed","ping_status":"closed","template":"","meta":{"_acf_changed":false,"footnotes":""},"class_list":["post-20","page","type-page","status-publish","hentry"],"acf":[],"yoast_head":"<!-- This site is optimized with the Yoast SEO plugin v27.1.1 - https:\/\/yoast.com\/product\/yoast-seo-wordpress\/ -->\n<title>Aviso legal - Turismon<\/title>\n<meta name=\"robots\" content=\"noindex, nofollow\" \/>\n<meta property=\"og:locale\" content=\"es_ES\" \/>\n<meta property=\"og:type\" content=\"article\" \/>\n<meta property=\"og:title\" content=\"Aviso legal - Turismon\" \/>\n<meta property=\"og:description\" content=\"Este sitio web y todos sus contenidos, incluyendo textos, im\u00e1genes, audio y cualquier otro material son propiedad de Turismon Travel S.L. o dispone derechos de su uso. Todos los derechos est\u00e1n reservados. Im\u00e1genes cedidas por Turismon Travel S.L, Patronato de Turismo Costa Brava Gerona, Diputaci\u00f3n de Barcelona, \u00c1rea de promoci\u00f3n econ\u00f3mica de la Bisbal d\u2019Empord\u00e0, [&hellip;]\" \/>\n<meta property=\"og:url\" content=\"https:\/\/turismon.net\/es\/aviso-legal\/\" \/>\n<meta property=\"og:site_name\" content=\"Turismon\" \/>\n<meta property=\"article:modified_time\" content=\"2024-08-02T15:31:21+00:00\" \/>\n<meta name=\"twitter:card\" content=\"summary_large_image\" \/>\n<meta name=\"twitter:label1\" content=\"Tiempo de lectura\" \/>\n\t<meta name=\"twitter:data1\" content=\"6 minutos\" \/>\n<script type=\"application\/ld+json\" class=\"yoast-schema-graph\">{\"@context\":\"https:\/\/schema.org\",\"@graph\":[{\"@type\":\"WebPage\",\"@id\":\"https:\/\/turismon.net\/es\/aviso-legal\/\",\"url\":\"https:\/\/turismon.net\/es\/aviso-legal\/\",\"name\":\"Aviso legal - Turismon\",\"isPartOf\":{\"@id\":\"https:\/\/54.36.209.185\/#website\"},\"datePublished\":\"2024-07-22T11:11:57+00:00\",\"dateModified\":\"2024-08-02T15:31:21+00:00\",\"breadcrumb\":{\"@id\":\"https:\/\/turismon.net\/es\/aviso-legal\/#breadcrumb\"},\"inLanguage\":\"es\",\"potentialAction\":[{\"@type\":\"ReadAction\",\"target\":[\"https:\/\/turismon.net\/es\/aviso-legal\/\"]}]},{\"@type\":\"BreadcrumbList\",\"@id\":\"https:\/\/turismon.net\/es\/aviso-legal\/#breadcrumb\",\"itemListElement\":[{\"@type\":\"ListItem\",\"position\":1,\"name\":\"Inici\",\"item\":\"https:\/\/ip180.ip-54-36-209.eu\/es\/\"},{\"@type\":\"ListItem\",\"position\":2,\"name\":\"Aviso legal\"}]},{\"@type\":\"WebSite\",\"@id\":\"https:\/\/54.36.209.185\/#website\",\"url\":\"https:\/\/54.36.209.185\/\",\"name\":\"Turismon\",\"description\":\"\",\"potentialAction\":[{\"@type\":\"SearchAction\",\"target\":{\"@type\":\"EntryPoint\",\"urlTemplate\":\"https:\/\/54.36.209.185\/?s={search_term_string}\"},\"query-input\":{\"@type\":\"PropertyValueSpecification\",\"valueRequired\":true,\"valueName\":\"search_term_string\"}}],\"inLanguage\":\"es\"}]}<\/script>\n<!-- \/ Yoast SEO plugin. -->","yoast_head_json":{"title":"Aviso legal - Turismon","robots":{"index":"noindex","follow":"nofollow"},"og_locale":"es_ES","og_type":"article","og_title":"Aviso legal - Turismon","og_description":"Este sitio web y todos sus contenidos, incluyendo textos, im\u00e1genes, audio y cualquier otro material son propiedad de Turismon Travel S.L. o dispone derechos de su uso. Todos los derechos est\u00e1n reservados. Im\u00e1genes cedidas por Turismon Travel S.L, Patronato de Turismo Costa Brava Gerona, Diputaci\u00f3n de Barcelona, \u00c1rea de promoci\u00f3n econ\u00f3mica de la Bisbal d\u2019Empord\u00e0, [&hellip;]","og_url":"https:\/\/turismon.net\/es\/aviso-legal\/","og_site_name":"Turismon","article_modified_time":"2024-08-02T15:31:21+00:00","twitter_card":"summary_large_image","twitter_misc":{"Tiempo de lectura":"6 minutos"},"schema":{"@context":"https:\/\/schema.org","@graph":[{"@type":"WebPage","@id":"https:\/\/turismon.net\/es\/aviso-legal\/","url":"https:\/\/turismon.net\/es\/aviso-legal\/","name":"Aviso legal - Turismon","isPartOf":{"@id":"https:\/\/54.36.209.185\/#website"},"datePublished":"2024-07-22T11:11:57+00:00","dateModified":"2024-08-02T15:31:21+00:00","breadcrumb":{"@id":"https:\/\/turismon.net\/es\/aviso-legal\/#breadcrumb"},"inLanguage":"es","potentialAction":[{"@type":"ReadAction","target":["https:\/\/turismon.net\/es\/aviso-legal\/"]}]},{"@type":"BreadcrumbList","@id":"https:\/\/turismon.net\/es\/aviso-legal\/#breadcrumb","itemListElement":[{"@type":"ListItem","position":1,"name":"Inici","item":"https:\/\/ip180.ip-54-36-209.eu\/es\/"},{"@type":"ListItem","position":2,"name":"Aviso legal"}]},{"@type":"WebSite","@id":"https:\/\/54.36.209.185\/#website","url":"https:\/\/54.36.209.185\/","name":"Turismon","description":"","potentialAction":[{"@type":"SearchAction","target":{"@type":"EntryPoint","urlTemplate":"https:\/\/54.36.209.185\/?s={search_term_string}"},"query-input":{"@type":"PropertyValueSpecification","valueRequired":true,"valueName":"search_term_string"}}],"inLanguage":"es"}]}},"_links":{"self":[{"href":"https:\/\/turismon.net\/es\/wp-json\/wp\/v2\/pages\/20","targetHints":{"allow":["GET"]}}],"collection":[{"href":"https:\/\/turismon.net\/es\/wp-json\/wp\/v2\/pages"}],"about":[{"href":"https:\/\/turismon.net\/es\/wp-json\/wp\/v2\/types\/page"}],"author":[{"embeddable":true,"href":"https:\/\/turismon.net\/es\/wp-json\/wp\/v2\/users\/1"}],"replies":[{"embeddable":true,"href":"https:\/\/turismon.net\/es\/wp-json\/wp\/v2\/comments?post=20"}],"version-history":[{"count":1,"href":"https:\/\/turismon.net\/es\/wp-json\/wp\/v2\/pages\/20\/revisions"}],"predecessor-version":[{"id":21,"href":"https:\/\/turismon.net\/es\/wp-json\/wp\/v2\/pages\/20\/revisions\/21"}],"wp:attachment":[{"href":"https:\/\/turismon.net\/es\/wp-json\/wp\/v2\/media?parent=20"}],"curies":[{"name":"wp","href":"https:\/\/api.w.org\/{rel}","templated":true}]}}