{"id":14,"date":"2024-07-22T11:10:40","date_gmt":"2024-07-22T11:10:40","guid":{"rendered":"https:\/\/labs.100x100.net\/projects\/turismon-b2b\/?page_id=14"},"modified":"2024-08-02T15:36:03","modified_gmt":"2024-08-02T15:36:03","slug":"terminos-y-condiciones","status":"publish","type":"page","link":"https:\/\/turismon.net\/es\/terminos-y-condiciones\/","title":{"rendered":"T\u00e9rminos y condiciones"},"content":{"rendered":"<p>Los presentes T\u00e9rminos y Condiciones constan de las siguientes secciones contenidas en este documento:<\/p>\n<p>1. Introducci\u00f3n<br \/>\n2. \u00bfC\u00f3mo adquirir una experiencia?<br \/>\n3. Condiciones generales de compra<br \/>\n4. Precios y divisas<br \/>\n5. M\u00e9todos de pago<br \/>\n6. Pol\u00edtica de devoluciones y cancelaciones<br \/>\n7. Modificaci\u00f3n de t\u00e9rminos y condiciones<\/p>\n<h3>1. Introducci\u00f3n<\/h3>\n<p>Turismon y su web www.turismon.net pertenecen y son operados por TURISMON TRAVEL S.L NIF : B-55233589 Toda compra a trav\u00e9s de este sitio web constituir\u00e1 un contrato de compra-venta entre usted (como usuario) y nosotros. Dicho contrato se regir\u00e1 por los presentes T\u00e9rminos y Condiciones.<\/p>\n<h3>2. \u00bfC\u00f3mo adquirir una experiencia?<\/h3>\n<p>Para poder realizar un pedido en nuestro sitio web, siga las siguientes instrucciones:<\/p>\n<p>1. Seleccione las experiencias que desee disfrutar.<br \/>\n2. Escoja el d\u00eda, la hora y la cantidad de personas que realizar\u00e1n la actividad\/viaje.<br \/>\n3. Efect\u00fae su reserva siguiendo los pasos indicados a trav\u00e9s de nuestro formulario web.<br \/>\n4. Revise los detalles del pedido y m\u00e9todo de pago.<br \/>\n5. Realice el pago a trav\u00e9s de nuestra plataforma virtual.<br \/>\n6. Imprima el bono (voucher) que nos deber\u00e1 entregar en el lugar y d\u00eda de la actividad.<\/p>\n<h3>3. Condiciones generales de compra<\/h3>\n<p>Le aconsejamos que lea detenidamente las Condiciones Generales de Compra antes de realizar un pedido en nuestro sitio web.<\/p>\n<p><strong>3.1 \u00bfCu\u00e1ndo se aplican estas condiciones generales de compra?<\/strong><\/p>\n<p>Estas Condiciones Generales de Compra son de aplicaci\u00f3n en todas las experiencias y viajes adquiridos en nuestro sitio web o cualquier otro m\u00e9todo de compra. Usted deber\u00e1 expresar su conformidad con estas Condiciones Generales de Compra al realizar un pedido.<\/p>\n<p><strong>3.2 Requisitos para subscribir un contrato con Turismon<\/strong><\/p>\n<p>La edad m\u00ednima para poder adquirir experiencias a trav\u00e9s de nuestro sitio web es de 18 a\u00f1os. Usted garantiza que la informaci\u00f3n facilitada a Turismon en la reserva y contrataci\u00f3n de cualquier experiencia es veraz, precisa y completa.<\/p>\n<p><strong>3.3 Nuestro derecho a no aceptar la reserva<\/strong><\/p>\n<p>Turismon se reserva el derecho a no aceptar su petici\u00f3n por cualquiera de las siguientes razones:<\/p>\n<p>1. El producto mostrado en el sitio web ya no est\u00e1 disponible o ha sufrido modificaciones importantes y no se ajusta a la oferta actual.<br \/>\n2. Cupo m\u00e1ximo de personas por visita\/experiencia\/viaje alcanzado.<br \/>\n3. La informaci\u00f3n de facturaci\u00f3n y pago no son correctos o verificables.<br \/>\n4. No se ha hecho efectivo el pago pactado.<\/p>\n<p><strong>3.4 Reserva de titularidad<\/strong><\/p>\n<p>Las experiencias s\u00f3lo se podr\u00e1n llevar a cabo una vez pagada la totalidad o dep\u00f3sito estipulado. El comprador tendr\u00e1 la plena titularidad del producto adquirido una vez finalizada la compra mediante pago efectivo. En el momento de la reserva, se facilitar\u00e1n los datos de la persona que realice la reserva siendo \u00e9sta personal e intransferible.<\/p>\n<p><strong>3.5 Mantenimiento de los productos<\/strong><\/p>\n<p>En nuestra web aparecen actualizados con regularidad todas nuestras experiencias aunque, es posible que se produzcan peque\u00f1as variaciones debido diversos motivos t\u00e9cnicos. Turismon informar\u00e1 de ello y no se responsabilizar\u00e1 de los datos u omisiones de cualquier condici\u00f3n y t\u00e9rmino contenidos en la p\u00e1gina, sin que puedan ser considerados oferta o promesas de venta.<\/p>\n<h3>4. Precios y divisas<\/h3>\n<p>Los precios de los productos en el sitio web tienen el Impuesto sobre el Valor A\u00f1adido (IVA) incluido. Para aquellos productos que requieran el impuesto sobre la tasa tur\u00edstica, se especificar\u00e1n aparte. Turismon se reserva el derecho de cambiar el precio de cualquier producto en cualquier momento sin que afecte a pedidos previos. Los precios de los productos en el sitio web est\u00e1n en euros (EUR). Pueden producirse tasas de conversi\u00f3n.<\/p>\n<h3>5. M\u00e9todos de pago<\/h3>\n<p>En nuestro sitio web podr\u00e1 pagar sus pedidos mediante tarjeta de cr\u00e9dito o d\u00e9bito de forma segura a trav\u00e9s de nuestro TPV virtual. Para las experiencias o viajes que as\u00ed lo admitan, podr\u00e1 abonarlas en efectivo en el destino 15 minutos antes del inicio de la actividad. En este \u00faltimo caso, tambi\u00e9n ser\u00e1 de debido cumplimiento hacer la reserva previa, atendiendo los requisitos de la misma para asegurar su plaza.<\/p>\n<h3>6. Pol\u00edtica de devoluciones y cancelaciones<\/h3>\n<p>Se considera cancelaci\u00f3n la suspensi\u00f3n de la experiencia o actividad, no devolvi\u00e9ndose el importe en caso de que se deba a inclemencias climatol\u00f3gicas, desastres naturales, cierre del espacio a\u00e9reo espa\u00f1ol u otras causas de fuerza mayor no imputables al organizador.<br \/>\nUna vez adquirida su experiencia podr\u00e1 optar a su cancelaci\u00f3n o canje siempre y cuando lo comunique dentro del per\u00edodo m\u00e1ximo de los 7 d\u00edas previos al inicio de la misma actividad. La cancelaci\u00f3n se comunicar\u00e1 a trav\u00e9s de nuestro correo electr\u00f3nico info@turismon.net. En este caso, Turismon ofrece la posibilidad de devolver el importe abonado hasta la fecha o bien, canjear su voucher por la misma actividad u otra del mismo valor monetario en otras fechas con disponibilidad y previa consulta al Organizador.<\/p>\n<p>Una vez hayamos aceptado el desistimiento por canje, recibir\u00e1 en su correo electr\u00f3nico facilitado en la reserva, un c\u00f3digo de descuento por el mismo valor del importe abonado. Para el disfrute de la nueva actividad, se establece un plazo m\u00e1ximo de 3 meses posteriores a la recepci\u00f3n del c\u00f3digo v\u00eda mail. En caso de no disponer de plazas de manera ininterrumpida durante estos 3 meses valorar\u00edamos la posibilidad de prorrogar dicho plazo hasta un m\u00e1ximo de 6 meses m\u00e1s.<\/p>\n<p>Turismon se reserva el derecho de cancelar aquellas actividades que requieran un cupo m\u00ednimo de personas no alcanzado ofreciendo antes, la posibilidad de llevar a cabo la actividad abonando la diferencia hasta el c\u00f3mputo monetario m\u00ednimo requerido. En cualquier caso, nos pondr\u00edamos en contacto con usted para informarle debidamente y con la antelaci\u00f3n pretendida de las 48h previas al inicio de la actividad.<\/p>\n<p>Aquellas personas que \u2013 sin previo aviso \u2013 no acudan al lugar, d\u00eda y hora establecidos para la actividad contratada, perder\u00e1n la totalidad del importe abonado y la posibilidad de realizar la actividad en otras fechas.<\/p>\n<h3>7. Modificaci\u00f3n de t\u00e9rminos y condiciones<\/h3>\n<p>Turismon se reserva el derecho, seg\u00fan su propio criterio, de cambiar en cualquier momento estos T\u00e9rminos y Condiciones.<br \/>\nEl uso de este Sitio Web, as\u00ed como de cualquier contrato de compraventa concluido entre Usted y Turismon, estar\u00e1 sujeto a la versi\u00f3n de los T\u00e9rminos y Condiciones de Turismon vigentes en el momento de realizar el pedido de compra a trav\u00e9s de este sitio web el d\u00eda en que usted naveg\u00f3 por \u00e9l.<\/p>\n<p>Compruebe estos T\u00e9rminos y Condiciones peri\u00f3dicamente para informarse de dichos cambios.<br \/>\n\u00daltima modificaci\u00f3n: Abril 2017.<\/p>\n<p>TURISMON TRAVEL S.L NIF : B-55233589<\/p>\n","protected":false},"excerpt":{"rendered":"<p>Los presentes T\u00e9rminos y Condiciones constan de las siguientes secciones contenidas en este documento: 1. Introducci\u00f3n 2. \u00bfC\u00f3mo adquirir una experiencia? 3. Condiciones generales de compra 4. Precios y divisas 5. M\u00e9todos de pago 6. Pol\u00edtica de devoluciones y cancelaciones 7. Modificaci\u00f3n de t\u00e9rminos y condiciones 1. Introducci\u00f3n Turismon y su web www.turismon.net pertenecen y [&hellip;]<\/p>\n","protected":false},"author":1,"featured_media":0,"parent":0,"menu_order":0,"comment_status":"closed","ping_status":"closed","template":"","meta":{"_acf_changed":false,"footnotes":""},"class_list":["post-14","page","type-page","status-publish","hentry"],"acf":[],"yoast_head":"<!-- This site is optimized with the Yoast SEO plugin v27.1.1 - https:\/\/yoast.com\/product\/yoast-seo-wordpress\/ -->\n<title>T\u00e9rminos y condiciones - Turismon<\/title>\n<meta name=\"robots\" content=\"noindex, nofollow\" \/>\n<meta property=\"og:locale\" content=\"es_ES\" \/>\n<meta property=\"og:type\" content=\"article\" \/>\n<meta property=\"og:title\" content=\"T\u00e9rminos y condiciones - Turismon\" \/>\n<meta property=\"og:description\" content=\"Los presentes T\u00e9rminos y Condiciones constan de las siguientes secciones contenidas en este documento: 1. Introducci\u00f3n 2. \u00bfC\u00f3mo adquirir una experiencia? 3. Condiciones generales de compra 4. Precios y divisas 5. M\u00e9todos de pago 6. Pol\u00edtica de devoluciones y cancelaciones 7. Modificaci\u00f3n de t\u00e9rminos y condiciones 1. Introducci\u00f3n Turismon y su web www.turismon.net pertenecen y [&hellip;]\" \/>\n<meta property=\"og:url\" content=\"https:\/\/turismon.net\/es\/terminos-y-condiciones\/\" \/>\n<meta property=\"og:site_name\" content=\"Turismon\" \/>\n<meta property=\"article:modified_time\" content=\"2024-08-02T15:36:03+00:00\" \/>\n<meta name=\"twitter:card\" content=\"summary_large_image\" \/>\n<meta name=\"twitter:label1\" content=\"Tiempo de lectura\" \/>\n\t<meta name=\"twitter:data1\" content=\"6 minutos\" \/>\n<script type=\"application\/ld+json\" class=\"yoast-schema-graph\">{\"@context\":\"https:\/\/schema.org\",\"@graph\":[{\"@type\":\"WebPage\",\"@id\":\"https:\/\/turismon.net\/es\/terminos-y-condiciones\/\",\"url\":\"https:\/\/turismon.net\/es\/terminos-y-condiciones\/\",\"name\":\"T\u00e9rminos y condiciones - Turismon\",\"isPartOf\":{\"@id\":\"https:\/\/uniqresidential.es\/#website\"},\"datePublished\":\"2024-07-22T11:10:40+00:00\",\"dateModified\":\"2024-08-02T15:36:03+00:00\",\"breadcrumb\":{\"@id\":\"https:\/\/turismon.net\/es\/terminos-y-condiciones\/#breadcrumb\"},\"inLanguage\":\"es\",\"potentialAction\":[{\"@type\":\"ReadAction\",\"target\":[\"https:\/\/turismon.net\/es\/terminos-y-condiciones\/\"]}]},{\"@type\":\"BreadcrumbList\",\"@id\":\"https:\/\/turismon.net\/es\/terminos-y-condiciones\/#breadcrumb\",\"itemListElement\":[{\"@type\":\"ListItem\",\"position\":1,\"name\":\"Inici\",\"item\":\"https:\/\/www.turismon.net\/es\/\"},{\"@type\":\"ListItem\",\"position\":2,\"name\":\"T\u00e9rminos y condiciones\"}]},{\"@type\":\"WebSite\",\"@id\":\"https:\/\/uniqresidential.es\/#website\",\"url\":\"https:\/\/uniqresidential.es\/\",\"name\":\"Turismon\",\"description\":\"\",\"potentialAction\":[{\"@type\":\"SearchAction\",\"target\":{\"@type\":\"EntryPoint\",\"urlTemplate\":\"https:\/\/uniqresidential.es\/?s={search_term_string}\"},\"query-input\":{\"@type\":\"PropertyValueSpecification\",\"valueRequired\":true,\"valueName\":\"search_term_string\"}}],\"inLanguage\":\"es\"}]}<\/script>\n<!-- \/ Yoast SEO plugin. -->","yoast_head_json":{"title":"T\u00e9rminos y condiciones - Turismon","robots":{"index":"noindex","follow":"nofollow"},"og_locale":"es_ES","og_type":"article","og_title":"T\u00e9rminos y condiciones - Turismon","og_description":"Los presentes T\u00e9rminos y Condiciones constan de las siguientes secciones contenidas en este documento: 1. Introducci\u00f3n 2. \u00bfC\u00f3mo adquirir una experiencia? 3. Condiciones generales de compra 4. Precios y divisas 5. M\u00e9todos de pago 6. Pol\u00edtica de devoluciones y cancelaciones 7. Modificaci\u00f3n de t\u00e9rminos y condiciones 1. Introducci\u00f3n Turismon y su web www.turismon.net pertenecen y [&hellip;]","og_url":"https:\/\/turismon.net\/es\/terminos-y-condiciones\/","og_site_name":"Turismon","article_modified_time":"2024-08-02T15:36:03+00:00","twitter_card":"summary_large_image","twitter_misc":{"Tiempo de lectura":"6 minutos"},"schema":{"@context":"https:\/\/schema.org","@graph":[{"@type":"WebPage","@id":"https:\/\/turismon.net\/es\/terminos-y-condiciones\/","url":"https:\/\/turismon.net\/es\/terminos-y-condiciones\/","name":"T\u00e9rminos y condiciones - Turismon","isPartOf":{"@id":"https:\/\/uniqresidential.es\/#website"},"datePublished":"2024-07-22T11:10:40+00:00","dateModified":"2024-08-02T15:36:03+00:00","breadcrumb":{"@id":"https:\/\/turismon.net\/es\/terminos-y-condiciones\/#breadcrumb"},"inLanguage":"es","potentialAction":[{"@type":"ReadAction","target":["https:\/\/turismon.net\/es\/terminos-y-condiciones\/"]}]},{"@type":"BreadcrumbList","@id":"https:\/\/turismon.net\/es\/terminos-y-condiciones\/#breadcrumb","itemListElement":[{"@type":"ListItem","position":1,"name":"Inici","item":"https:\/\/www.turismon.net\/es\/"},{"@type":"ListItem","position":2,"name":"T\u00e9rminos y condiciones"}]},{"@type":"WebSite","@id":"https:\/\/uniqresidential.es\/#website","url":"https:\/\/uniqresidential.es\/","name":"Turismon","description":"","potentialAction":[{"@type":"SearchAction","target":{"@type":"EntryPoint","urlTemplate":"https:\/\/uniqresidential.es\/?s={search_term_string}"},"query-input":{"@type":"PropertyValueSpecification","valueRequired":true,"valueName":"search_term_string"}}],"inLanguage":"es"}]}},"_links":{"self":[{"href":"https:\/\/turismon.net\/es\/wp-json\/wp\/v2\/pages\/14","targetHints":{"allow":["GET"]}}],"collection":[{"href":"https:\/\/turismon.net\/es\/wp-json\/wp\/v2\/pages"}],"about":[{"href":"https:\/\/turismon.net\/es\/wp-json\/wp\/v2\/types\/page"}],"author":[{"embeddable":true,"href":"https:\/\/turismon.net\/es\/wp-json\/wp\/v2\/users\/1"}],"replies":[{"embeddable":true,"href":"https:\/\/turismon.net\/es\/wp-json\/wp\/v2\/comments?post=14"}],"version-history":[{"count":1,"href":"https:\/\/turismon.net\/es\/wp-json\/wp\/v2\/pages\/14\/revisions"}],"predecessor-version":[{"id":15,"href":"https:\/\/turismon.net\/es\/wp-json\/wp\/v2\/pages\/14\/revisions\/15"}],"wp:attachment":[{"href":"https:\/\/turismon.net\/es\/wp-json\/wp\/v2\/media?parent=14"}],"curies":[{"name":"wp","href":"https:\/\/api.w.org\/{rel}","templated":true}]}}